{"id":20,"date":"2021-09-30T15:54:45","date_gmt":"2021-09-30T15:54:45","guid":{"rendered":"https:\/\/agp.ab-media.fr\/?page_id=20"},"modified":"2025-03-31T13:46:34","modified_gmt":"2025-03-31T13:46:34","slug":"clients","status":"publish","type":"page","link":"https:\/\/www.agencepremiere.com\/fr\/clients\/","title":{"rendered":"Clients"},"content":{"rendered":"<div class=\"wpb-content-wrapper\"><p>[vc_row full_width=\u00a0\u00bbstretch_row\u00a0\u00bb el_id=\u00a0\u00bbsection-1&Prime; css=\u00a0\u00bb.vc_custom_1633171872298{background-color: #e1f3f3 !important;}\u00a0\u00bb][vc_column css=\u00a0\u00bb.vc_custom_1633183897407{padding-top: 0px !important;}\u00a0\u00bb][vc_separator color=\u00a0\u00bbblack\u00a0\u00bb align=\u00a0\u00bbalign_left\u00a0\u00bb el_width=\u00a0\u00bb50&Prime; css_animation=\u00a0\u00bbleft-to-right\u00a0\u00bb el_class=\u00a0\u00bbsparator-1&Prime;][vc_column_text css_animation=\u00a0\u00bbbottom-to-top\u00a0\u00bb css=\u00a0\u00bb.vc_custom_1633968593071{margin-top: 35px !important;margin-bottom: 35px !important;}\u00a0\u00bb el_class=\u00a0\u00bbsection-txt-1&Prime;]<\/p>\n<h1><span style=\"color: #0c7589;\">Nos Clients<\/span><\/h1>\n<p>[\/vc_column_text][vc_separator color=\u00a0\u00bbblack\u00a0\u00bb align=\u00a0\u00bbalign_left\u00a0\u00bb css_animation=\u00a0\u00bbbottom-to-top\u00a0\u00bb css=\u00a0\u00bb.vc_custom_1633968600132{margin-top: 25px !important;margin-bottom: 25px !important;}\u00a0\u00bb el_class=\u00a0\u00bbsparator-2&Prime;][vc_column_text css_animation=\u00a0\u00bbbottom-to-top\u00a0\u00bb el_class=\u00a0\u00bbsection-txt-2&Prime;]<\/p>\n<h3><span style=\"color: #6fb1bc;\">Une base de <\/span><\/h3>\n<h3><span style=\"color: #0c7589;\">75 clients, <\/span><\/h3>\n<h3><span style=\"color: #6fb1bc;\">dont certains<\/span><\/h3>\n<h3><span style=\"color: #0c7589;\">depuis 2006<\/span><\/h3>\n<p>[\/vc_column_text][vc_empty_space height=\u00a0\u00bb5.312vw\u00a0\u00bb mobile_height=\u00a0\u00bb20px\u00a0\u00bb][\/vc_column][\/vc_row][vc_row][vc_column css=\u00a0\u00bb.vc_custom_1633700643528{padding-top: 0px !important;}\u00a0\u00bb][vc_empty_space height=\u00a0\u00bb7.9687vw\u00a0\u00bb mobile_height=\u00a0\u00bb35px\u00a0\u00bb][\/vc_column][\/vc_row][vc_row el_id=\u00a0\u00bbsection-2&Prime; el_class=\u00a0\u00bbuppercase\u00a0\u00bb][vc_column width=\u00a0\u00bb1\/2&Prime; css=\u00a0\u00bb.vc_custom_1633699948475{padding-top: 0px !important;}\u00a0\u00bb][vc_column_text css_animation=\u00a0\u00bbbottom-to-top\u00a0\u00bb css=\u00a0\u00bb.vc_custom_1742470849679{margin-bottom: 35px !important;}\u00a0\u00bb]<strong>LES PROMOTEURS<\/strong><\/p>\n<ul>\n<li>Bedroc<\/li>\n<li>AG Real Estate France<\/li>\n<li>Allianz Real Estate<\/li>\n<li>Bouygues Immobilier<\/li>\n<li>CAPSA<\/li>\n<li>Constructa<\/li>\n<li>ETPO<\/li>\n<li>Exte Promotion<\/li>\n<li>Fayat Immobilier<\/li>\n<li>Fonci\u00e8re Habitat<\/li>\n<li>GA Smart Building<\/li>\n<li>Groupe Frey<\/li>\n<li>Les Arches M\u00e9tropole<\/li>\n<li>Magellim D\u00e9veloppement<\/li>\n<li>Ogic<\/li>\n<li>Pitch Promotion<\/li>\n<li>Sogeprom<\/li>\n<\/ul>\n<p>[\/vc_column_text][vc_column_text css_animation=\u00a0\u00bbbottom-to-top\u00a0\u00bb css=\u00a0\u00bb.vc_custom_1742470533366{margin-bottom: 35px !important;}\u00a0\u00bb]<strong>LES INVESTISSEURS<\/strong><\/p>\n<ul>\n<li>AG Real Estate France<\/li>\n<li>B&amp;C France<\/li>\n<li>BMF Immobilier<\/li>\n<li>Cogepa<\/li>\n<li>Elys\u00e9e Monceau<\/li>\n<li>GDG Investissements<\/li>\n<li>Groupe Terrot<\/li>\n<li>Left Bank<\/li>\n<li>Sight Capital<\/li>\n<\/ul>\n<p>[\/vc_column_text][vc_column_text css_animation=\u00a0\u00bbbottom-to-top\u00a0\u00bb css=\u00a0\u00bb.vc_custom_1707831505744{margin-bottom: 35px !important;}\u00a0\u00bb]<strong>LES INVESTISSEURS \u00c9TRANGERS<\/strong><\/p>\n<ul>\n<li>Baytree<\/li>\n<li>Harrods Estates<\/li>\n<li>PIMCO Prime Real Estate<\/li>\n<li>Regions Group<\/li>\n<\/ul>\n<p>[\/vc_column_text][vc_column_text css_animation=\u00a0\u00bbbottom-to-top\u00a0\u00bb css=\u00a0\u00bb.vc_custom_1707831581045{margin-bottom: 35px !important;}\u00a0\u00bb]<strong>LES FONCI\u00c8RES<\/strong><\/p>\n<ul>\n<li>AG2R la Mondiale<\/li>\n<li>Covea Immobilier<\/li>\n<li>Covivio<\/li>\n<li>Fonciere Renaissance<\/li>\n<li>Groupama Immobilier<\/li>\n<li>Montea<\/li>\n<li>SEGRO<\/li>\n<\/ul>\n<p>[\/vc_column_text][vc_column_text css_animation=\u00a0\u00bbbottom-to-top\u00a0\u00bb css=\u00a0\u00bb.vc_custom_1742470590130{margin-bottom: 35px !important;}\u00a0\u00bb]<strong>LES BROKERS<\/strong><\/p>\n<ul>\n<li>Catella<\/li>\n<li>CAZZ Immobilier<\/li>\n<li>CBRE<\/li>\n<li>Christie &amp; Co<\/li>\n<li>COLLIERS France<\/li>\n<li>Cushman &amp; Wakefield<\/li>\n<li>Ikory<\/li>\n<li>NCT<\/li>\n<li>Valorissimo<\/li>\n<\/ul>\n<p>[\/vc_column_text][\/vc_column][vc_column width=\u00a0\u00bb1\/2&Prime; css=\u00a0\u00bb.vc_custom_1633699952817{padding-top: 0px !important;}\u00a0\u00bb][vc_empty_space height=\u00a0\u00bb0px\u00a0\u00bb mobile_height=\u00a0\u00bb35px\u00a0\u00bb][vc_column_text css_animation=\u00a0\u00bbbottom-to-top\u00a0\u00bb css=\u00a0\u00bb.vc_custom_1707832836822{margin-bottom: 35px !important;}\u00a0\u00bb]<strong>LES ARCHITECTES<\/strong><\/p>\n<ul>\n<li>AAVP Vincent Parreira<\/li>\n<li>AR Studio d&rsquo;Architectures<\/li>\n<li>Atelier AConcept<\/li>\n<li>Atelier Villemard Associ\u00e9s<\/li>\n<li>CALQ<\/li>\n<li>Fresh Architectures<\/li>\n<li>Groupe Franc Architectures<\/li>\n<li>Moatti-Riviere<\/li>\n<li>OSLO<\/li>\n<li>Studios Architecture<\/li>\n<li>Tertiam<\/li>\n<li>Triptyque Architecture<\/li>\n<\/ul>\n<p>[\/vc_column_text][vc_column_text css_animation=\u00a0\u00bbbottom-to-top\u00a0\u00bb css=\u00a0\u00bb.vc_custom_1707832601746{margin-bottom: 35px !important;}\u00a0\u00bb]<strong>LES INGENIEURS &amp; AMO<\/strong><\/p>\n<ul>\n<li>Arcora<\/li>\n<li>City Linked<\/li>\n<li>Etyo<\/li>\n<li>Lafi<\/li>\n<li>Sedri<\/li>\n<\/ul>\n<p>[\/vc_column_text][vc_column_text css_animation=\u00a0\u00bbbottom-to-top\u00a0\u00bb css=\u00a0\u00bb.vc_custom_1742470676039{margin-bottom: 35px !important;}\u00a0\u00bb]<strong>ARCHITECTURE D&rsquo;INT\u00c9RIEUR<\/strong><\/p>\n<ul>\n<li>Artdesk<\/li>\n<li>BMA<\/li>\n<li>EBEN<\/li>\n<li>Humanscale<\/li>\n<li>Idoine<\/li>\n<li>INSITU<\/li>\n<\/ul>\n<p>[\/vc_column_text][vc_column_text css_animation=\u00a0\u00bbbottom-to-top\u00a0\u00bb css=\u00a0\u00bb.vc_custom_1707832502522{margin-bottom: 35px !important;}\u00a0\u00bb]<strong>LES ASSOCIATIONS<\/strong><\/p>\n<ul>\n<li>Duo@work<\/li>\n<li>Seconde Mob<\/li>\n<li>Urban Land Institute<\/li>\n<\/ul>\n<p>[\/vc_column_text][vc_column_text css_animation=\u00a0\u00bbbottom-to-top\u00a0\u00bb css=\u00a0\u00bb.vc_custom_1675158545283{margin-bottom: 35px !important;}\u00a0\u00bb]<strong>LES FAMILY OFFICES<\/strong><\/p>\n<ul>\n<li>Compagnie Vauban<\/li>\n<li>Sirius<\/li>\n<\/ul>\n<p>[\/vc_column_text][vc_column_text css_animation=\u00a0\u00bbbottom-to-top\u00a0\u00bb]<strong>LES NOTAIRES<\/strong><\/p>\n<ul>\n<li>1768 Notaires<\/li>\n<li>Monassiers &amp; Associ\u00e9s<\/li>\n<\/ul>\n<p>[\/vc_column_text][vc_column_text css_animation=\u00a0\u00bbbottom-to-top\u00a0\u00bb css=\u00a0\u00bb.vc_custom_1635259988460{margin-bottom: 35px !important;}\u00a0\u00bb][\/vc_column_text][vc_column_text css_animation=\u00a0\u00bbbottom-to-top\u00a0\u00bb css=\u00a0\u00bb\u00a0\u00bb]<strong>LES CONSEILS<\/strong><\/p>\n<ul>\n<li>JD2M (JeDeclareMonMeubl\u00e9)<\/li>\n<li>W\u00fcest Partner<\/li>\n<\/ul>\n<p>[\/vc_column_text][vc_column_text css_animation=\u00a0\u00bbbottom-to-top\u00a0\u00bb css=\u00a0\u00bb.vc_custom_1635259988460{margin-bottom: 35px !important;}\u00a0\u00bb][\/vc_column_text][vc_column_text css_animation=\u00a0\u00bbbottom-to-top\u00a0\u00bb][\/vc_column_text][\/vc_column][vc_column css=\u00a0\u00bb.vc_custom_1633700056080{padding-top: 0px !important;}\u00a0\u00bb][vc_empty_space height=\u00a0\u00bb0&Prime; mobile_height=\u00a0\u00bb35px\u00a0\u00bb][\/vc_column][\/vc_row]<\/p>\n<\/div>","protected":false},"excerpt":{"rendered":"<p>[vc_row full_width=\u00a0\u00bbstretch_row\u00a0\u00bb el_id=\u00a0\u00bbsection-1&Prime; css=\u00a0\u00bb.vc_custom_1633171872298{background-color: #e1f3f3 !important;}\u00a0\u00bb][vc_column css=\u00a0\u00bb.vc_custom_1633183897407{padding-top: 0px !important;}\u00a0\u00bb][vc_separator color=\u00a0\u00bbblack\u00a0\u00bb align=\u00a0\u00bbalign_left\u00a0\u00bb el_width=\u00a0\u00bb50&Prime; css_animation=\u00a0\u00bbleft-to-right\u00a0\u00bb el_class=\u00a0\u00bbsparator-1&Prime;][vc_column_text css_animation=\u00a0\u00bbbottom-to-top\u00a0\u00bb css=\u00a0\u00bb.vc_custom_1633968593071{margin-top: 35px !important;margin-bottom: 35px !important;}\u00a0\u00bb el_class=\u00a0\u00bbsection-txt-1&Prime;] Nos Clients [\/vc_column_text][vc_separator color=\u00a0\u00bbblack\u00a0\u00bb align=\u00a0\u00bbalign_left\u00a0\u00bb css_animation=\u00a0\u00bbbottom-to-top\u00a0\u00bb css=\u00a0\u00bb.vc_custom_1633968600132{margin-top: 25px !important;margin-bottom: 25px !important;}\u00a0\u00bb el_class=\u00a0\u00bbsparator-2&Prime;][vc_column_text css_animation=\u00a0\u00bbbottom-to-top\u00a0\u00bb el_class=\u00a0\u00bbsection-txt-2&Prime;] Une base de 75 clients, dont certains depuis 2006 [\/vc_column_text][vc_empty_space height=\u00a0\u00bb5.312vw\u00a0\u00bb mobile_height=\u00a0\u00bb20px\u00a0\u00bb][\/vc_column][\/vc_row][vc_row][vc_column css=\u00a0\u00bb.vc_custom_1633700643528{padding-top: 0px !important;}\u00a0\u00bb][vc_empty_space height=\u00a0\u00bb7.9687vw\u00a0\u00bb mobile_height=\u00a0\u00bb35px\u00a0\u00bb][\/vc_column][\/vc_row][vc_row el_id=\u00a0\u00bbsection-2&Prime; el_class=\u00a0\u00bbuppercase\u00a0\u00bb][vc_column width=\u00a0\u00bb1\/2&Prime; [&hellip;]<\/p>\n","protected":false},"author":2,"featured_media":0,"parent":0,"menu_order":0,"comment_status":"closed","ping_status":"closed","template":"","meta":{"_acf_changed":false,"inline_featured_image":false,"footnotes":""},"class_list":["post-20","page","type-page","status-publish","hentry","post"],"acf":[],"yoast_head":"<!-- This site is optimized with the Yoast SEO plugin v26.6 - https:\/\/yoast.com\/wordpress\/plugins\/seo\/ -->\n<title>Clients - Agence Premi\u00e8re<\/title>\n<meta name=\"robots\" content=\"index, follow, max-snippet:-1, max-image-preview:large, max-video-preview:-1\" \/>\n<link rel=\"canonical\" href=\"https:\/\/www.agencepremiere.com\/fr\/clients\/\" \/>\n<meta property=\"og:locale\" content=\"fr_FR\" \/>\n<meta property=\"og:type\" content=\"article\" \/>\n<meta property=\"og:title\" content=\"Clients - Agence Premi\u00e8re\" \/>\n<meta property=\"og:description\" content=\"[vc_row full_width=\u00a0\u00bbstretch_row\u00a0\u00bb el_id=\u00a0\u00bbsection-1&Prime; css=\u00a0\u00bb.vc_custom_1633171872298{background-color: #e1f3f3 !important;}\u00a0\u00bb][vc_column css=\u00a0\u00bb.vc_custom_1633183897407{padding-top: 0px !important;}\u00a0\u00bb][vc_separator color=\u00a0\u00bbblack\u00a0\u00bb align=\u00a0\u00bbalign_left\u00a0\u00bb el_width=\u00a0\u00bb50&Prime; css_animation=\u00a0\u00bbleft-to-right\u00a0\u00bb el_class=\u00a0\u00bbsparator-1&Prime;][vc_column_text css_animation=\u00a0\u00bbbottom-to-top\u00a0\u00bb css=\u00a0\u00bb.vc_custom_1633968593071{margin-top: 35px !important;margin-bottom: 35px !important;}\u00a0\u00bb el_class=\u00a0\u00bbsection-txt-1&Prime;] Nos Clients [\/vc_column_text][vc_separator color=\u00a0\u00bbblack\u00a0\u00bb align=\u00a0\u00bbalign_left\u00a0\u00bb css_animation=\u00a0\u00bbbottom-to-top\u00a0\u00bb css=\u00a0\u00bb.vc_custom_1633968600132{margin-top: 25px !important;margin-bottom: 25px !important;}\u00a0\u00bb el_class=\u00a0\u00bbsparator-2&Prime;][vc_column_text css_animation=\u00a0\u00bbbottom-to-top\u00a0\u00bb el_class=\u00a0\u00bbsection-txt-2&Prime;] Une base de 75 clients, dont certains depuis 2006 [\/vc_column_text][vc_empty_space height=\u00a0\u00bb5.312vw\u00a0\u00bb mobile_height=\u00a0\u00bb20px\u00a0\u00bb][\/vc_column][\/vc_row][vc_row][vc_column css=\u00a0\u00bb.vc_custom_1633700643528{padding-top: 0px !important;}\u00a0\u00bb][vc_empty_space height=\u00a0\u00bb7.9687vw\u00a0\u00bb mobile_height=\u00a0\u00bb35px\u00a0\u00bb][\/vc_column][\/vc_row][vc_row el_id=\u00a0\u00bbsection-2&Prime; el_class=\u00a0\u00bbuppercase\u00a0\u00bb][vc_column width=\u00a0\u00bb1\/2&Prime; [&hellip;]\" \/>\n<meta property=\"og:url\" content=\"https:\/\/www.agencepremiere.com\/fr\/clients\/\" \/>\n<meta property=\"og:site_name\" content=\"Agence Premi\u00e8re\" \/>\n<meta property=\"article:modified_time\" content=\"2025-03-31T13:46:34+00:00\" \/>\n<meta name=\"twitter:card\" content=\"summary_large_image\" \/>\n<meta name=\"twitter:label1\" content=\"Dur\u00e9e de lecture estim\u00e9e\" \/>\n\t<meta name=\"twitter:data1\" content=\"3 minutes\" \/>\n<script type=\"application\/ld+json\" class=\"yoast-schema-graph\">{\"@context\":\"https:\/\/schema.org\",\"@graph\":[{\"@type\":\"WebPage\",\"@id\":\"https:\/\/www.agencepremiere.com\/fr\/clients\/\",\"url\":\"https:\/\/www.agencepremiere.com\/fr\/clients\/\",\"name\":\"Clients - Agence Premi\u00e8re\",\"isPartOf\":{\"@id\":\"https:\/\/www.agencepremiere.com\/fr\/#website\"},\"datePublished\":\"2021-09-30T15:54:45+00:00\",\"dateModified\":\"2025-03-31T13:46:34+00:00\",\"breadcrumb\":{\"@id\":\"https:\/\/www.agencepremiere.com\/fr\/clients\/#breadcrumb\"},\"inLanguage\":\"fr-FR\",\"potentialAction\":[{\"@type\":\"ReadAction\",\"target\":[\"https:\/\/www.agencepremiere.com\/fr\/clients\/\"]}]},{\"@type\":\"BreadcrumbList\",\"@id\":\"https:\/\/www.agencepremiere.com\/fr\/clients\/#breadcrumb\",\"itemListElement\":[{\"@type\":\"ListItem\",\"position\":1,\"name\":\"Home\",\"item\":\"https:\/\/www.agencepremiere.com\/fr\/\"},{\"@type\":\"ListItem\",\"position\":2,\"name\":\"Clients\"}]},{\"@type\":\"WebSite\",\"@id\":\"https:\/\/www.agencepremiere.com\/fr\/#website\",\"url\":\"https:\/\/www.agencepremiere.com\/fr\/\",\"name\":\"Agence Premi\u00e8re\",\"description\":\"La communication immobili\u00e8re, une affaire de sp\u00e9cialistes\",\"potentialAction\":[{\"@type\":\"SearchAction\",\"target\":{\"@type\":\"EntryPoint\",\"urlTemplate\":\"https:\/\/www.agencepremiere.com\/fr\/?s={search_term_string}\"},\"query-input\":{\"@type\":\"PropertyValueSpecification\",\"valueRequired\":true,\"valueName\":\"search_term_string\"}}],\"inLanguage\":\"fr-FR\"}]}<\/script>\n<!-- \/ Yoast SEO plugin. -->","yoast_head_json":{"title":"Clients - Agence Premi\u00e8re","robots":{"index":"index","follow":"follow","max-snippet":"max-snippet:-1","max-image-preview":"max-image-preview:large","max-video-preview":"max-video-preview:-1"},"canonical":"https:\/\/www.agencepremiere.com\/fr\/clients\/","og_locale":"fr_FR","og_type":"article","og_title":"Clients - Agence Premi\u00e8re","og_description":"[vc_row full_width=\u00a0\u00bbstretch_row\u00a0\u00bb el_id=\u00a0\u00bbsection-1&Prime; css=\u00a0\u00bb.vc_custom_1633171872298{background-color: #e1f3f3 !important;}\u00a0\u00bb][vc_column css=\u00a0\u00bb.vc_custom_1633183897407{padding-top: 0px !important;}\u00a0\u00bb][vc_separator color=\u00a0\u00bbblack\u00a0\u00bb align=\u00a0\u00bbalign_left\u00a0\u00bb el_width=\u00a0\u00bb50&Prime; css_animation=\u00a0\u00bbleft-to-right\u00a0\u00bb el_class=\u00a0\u00bbsparator-1&Prime;][vc_column_text css_animation=\u00a0\u00bbbottom-to-top\u00a0\u00bb css=\u00a0\u00bb.vc_custom_1633968593071{margin-top: 35px !important;margin-bottom: 35px !important;}\u00a0\u00bb el_class=\u00a0\u00bbsection-txt-1&Prime;] Nos Clients [\/vc_column_text][vc_separator color=\u00a0\u00bbblack\u00a0\u00bb align=\u00a0\u00bbalign_left\u00a0\u00bb css_animation=\u00a0\u00bbbottom-to-top\u00a0\u00bb css=\u00a0\u00bb.vc_custom_1633968600132{margin-top: 25px !important;margin-bottom: 25px !important;}\u00a0\u00bb el_class=\u00a0\u00bbsparator-2&Prime;][vc_column_text css_animation=\u00a0\u00bbbottom-to-top\u00a0\u00bb el_class=\u00a0\u00bbsection-txt-2&Prime;] Une base de 75 clients, dont certains depuis 2006 [\/vc_column_text][vc_empty_space height=\u00a0\u00bb5.312vw\u00a0\u00bb mobile_height=\u00a0\u00bb20px\u00a0\u00bb][\/vc_column][\/vc_row][vc_row][vc_column css=\u00a0\u00bb.vc_custom_1633700643528{padding-top: 0px !important;}\u00a0\u00bb][vc_empty_space height=\u00a0\u00bb7.9687vw\u00a0\u00bb mobile_height=\u00a0\u00bb35px\u00a0\u00bb][\/vc_column][\/vc_row][vc_row el_id=\u00a0\u00bbsection-2&Prime; el_class=\u00a0\u00bbuppercase\u00a0\u00bb][vc_column width=\u00a0\u00bb1\/2&Prime; [&hellip;]","og_url":"https:\/\/www.agencepremiere.com\/fr\/clients\/","og_site_name":"Agence Premi\u00e8re","article_modified_time":"2025-03-31T13:46:34+00:00","twitter_card":"summary_large_image","twitter_misc":{"Dur\u00e9e de lecture estim\u00e9e":"3 minutes"},"schema":{"@context":"https:\/\/schema.org","@graph":[{"@type":"WebPage","@id":"https:\/\/www.agencepremiere.com\/fr\/clients\/","url":"https:\/\/www.agencepremiere.com\/fr\/clients\/","name":"Clients - Agence Premi\u00e8re","isPartOf":{"@id":"https:\/\/www.agencepremiere.com\/fr\/#website"},"datePublished":"2021-09-30T15:54:45+00:00","dateModified":"2025-03-31T13:46:34+00:00","breadcrumb":{"@id":"https:\/\/www.agencepremiere.com\/fr\/clients\/#breadcrumb"},"inLanguage":"fr-FR","potentialAction":[{"@type":"ReadAction","target":["https:\/\/www.agencepremiere.com\/fr\/clients\/"]}]},{"@type":"BreadcrumbList","@id":"https:\/\/www.agencepremiere.com\/fr\/clients\/#breadcrumb","itemListElement":[{"@type":"ListItem","position":1,"name":"Home","item":"https:\/\/www.agencepremiere.com\/fr\/"},{"@type":"ListItem","position":2,"name":"Clients"}]},{"@type":"WebSite","@id":"https:\/\/www.agencepremiere.com\/fr\/#website","url":"https:\/\/www.agencepremiere.com\/fr\/","name":"Agence Premi\u00e8re","description":"La communication immobili\u00e8re, une affaire de sp\u00e9cialistes","potentialAction":[{"@type":"SearchAction","target":{"@type":"EntryPoint","urlTemplate":"https:\/\/www.agencepremiere.com\/fr\/?s={search_term_string}"},"query-input":{"@type":"PropertyValueSpecification","valueRequired":true,"valueName":"search_term_string"}}],"inLanguage":"fr-FR"}]}},"_links":{"self":[{"href":"https:\/\/www.agencepremiere.com\/fr\/wp-json\/wp\/v2\/pages\/20","targetHints":{"allow":["GET"]}}],"collection":[{"href":"https:\/\/www.agencepremiere.com\/fr\/wp-json\/wp\/v2\/pages"}],"about":[{"href":"https:\/\/www.agencepremiere.com\/fr\/wp-json\/wp\/v2\/types\/page"}],"author":[{"embeddable":true,"href":"https:\/\/www.agencepremiere.com\/fr\/wp-json\/wp\/v2\/users\/2"}],"replies":[{"embeddable":true,"href":"https:\/\/www.agencepremiere.com\/fr\/wp-json\/wp\/v2\/comments?post=20"}],"version-history":[{"count":27,"href":"https:\/\/www.agencepremiere.com\/fr\/wp-json\/wp\/v2\/pages\/20\/revisions"}],"predecessor-version":[{"id":1340,"href":"https:\/\/www.agencepremiere.com\/fr\/wp-json\/wp\/v2\/pages\/20\/revisions\/1340"}],"wp:attachment":[{"href":"https:\/\/www.agencepremiere.com\/fr\/wp-json\/wp\/v2\/media?parent=20"}],"curies":[{"name":"wp","href":"https:\/\/api.w.org\/{rel}","templated":true}]}}