{"id":18,"date":"2021-09-30T15:54:32","date_gmt":"2021-09-30T15:54:32","guid":{"rendered":"https:\/\/agp.ab-media.fr\/?page_id=18"},"modified":"2024-12-10T11:28:09","modified_gmt":"2024-12-10T11:28:09","slug":"metiers","status":"publish","type":"page","link":"https:\/\/www.agencepremiere.com\/fr\/metiers\/","title":{"rendered":"M\u00e9tiers"},"content":{"rendered":"<div class=\"wpb-content-wrapper\"><p>[vc_row full_width=\u00a0\u00bbstretch_row\u00a0\u00bb el_id=\u00a0\u00bbsection-1&Prime;][vc_column css=\u00a0\u00bb.vc_custom_1633183897407{padding-top: 0px !important;}\u00a0\u00bb][vc_separator color=\u00a0\u00bbblack\u00a0\u00bb align=\u00a0\u00bbalign_left\u00a0\u00bb el_width=\u00a0\u00bb50&Prime; css_animation=\u00a0\u00bbleft-to-right\u00a0\u00bb el_class=\u00a0\u00bbsparator-1&Prime;][vc_column_text css_animation=\u00a0\u00bbbottom-to-top\u00a0\u00bb el_class=\u00a0\u00bbsection-txt-1&Prime; css=\u00a0\u00bb.vc_custom_1633968248776{margin-top: 35px !important;margin-bottom: 35px !important;}\u00a0\u00bb]<\/p>\n<h1><span style=\"color: #0c7589;\">Nos Expertises<\/span><\/h1>\n<p>[\/vc_column_text][vc_separator color=\u00a0\u00bbblack\u00a0\u00bb align=\u00a0\u00bbalign_left\u00a0\u00bb css_animation=\u00a0\u00bbbottom-to-top\u00a0\u00bb el_class=\u00a0\u00bbsparator-2&Prime; css=\u00a0\u00bb.vc_custom_1633968535800{margin-top: 25px !important;margin-bottom: 25px !important;}\u00a0\u00bb][vc_column_text css_animation=\u00a0\u00bbbottom-to-top\u00a0\u00bb el_class=\u00a0\u00bbsection-txt-1&Prime; css=\u00a0\u00bb.vc_custom_1633968241073{margin-top: 35px !important;margin-bottom: 35px !important;}\u00a0\u00bb]<\/p>\n<h3><span style=\"color: #0c7589;\">L\u2019Agence Premi\u00e8re<\/span> <span style=\"color: #6fb1bc;\">vous conseille et vous accompagne <\/span><\/h3>\n<p>[\/vc_column_text][vc_column_text css_animation=\u00a0\u00bbbottom-to-top\u00a0\u00bb el_class=\u00a0\u00bbsection-txt-2&Prime;]<\/p>\n<h4><span style=\"color: #1b1b1b;\">dans la d\u00e9finition de vos besoins en communication multicanale, depuis la conception strat\u00e9gique \u00e0 la mise en place d\u2019outils ad hoc.<\/span><\/h4>\n<p>[\/vc_column_text][vc_empty_space height=\u00a0\u00bb10.416vw\u00a0\u00bb mobile_height=\u00a0\u00bb60px\u00a0\u00bb el_class=\u00a0\u00bbes-1&Prime;][\/vc_column][\/vc_row][vc_row gap=\u00a0\u00bb35&Prime; el_id=\u00a0\u00bbsection-2&Prime;][vc_column offset=\u00a0\u00bbvc_col-lg-6 vc_col-md-6&Prime; css=\u00a0\u00bb.vc_custom_1633693435427{padding-top: 0px !important;}\u00a0\u00bb][vc_column_text css_animation=\u00a0\u00bbbottom-to-top\u00a0\u00bb el_class=\u00a0\u00bbuppercase\u00a0\u00bb]<span style=\"color: #313030;\"><strong>De l\u2019identification des enjeux \u00e0 la formulation d\u2019une strat\u00e9gie de communication\u2026<\/strong><\/span>[\/vc_column_text][vc_empty_space height=\u00a0\u00bb45px\u00a0\u00bb mobile_height=\u00a0\u00bb15px\u00a0\u00bb][vc_column_text css_animation=\u00a0\u00bbbottom-to-top\u00a0\u00bb]Nous travaillons en lien \u00e9troit avec vous pour mieux vous comprendre et vous valoriser. Gr\u00e2ce \u00e0 notre expertise, nous identifions ensemble l\u2019angle et le signe distinctif que vous avez pour mettre en place un positionnement d\u00e9terminant face \u00e0 la concurrence. Nous concevons alors des <strong>contenus fid\u00e8les \u00e0 votre ADN et r\u00e9pondant \u00e0 vos enjeux <\/strong>afin de cr\u00e9er une<strong> strat\u00e9gie de communication sur-mesure, multicanale et s\u00e9duisante.<\/strong>[\/vc_column_text][\/vc_column][vc_column offset=\u00a0\u00bbvc_col-lg-6 vc_col-md-6&Prime; css=\u00a0\u00bb.vc_custom_1633693431542{padding-top: 0px !important;}\u00a0\u00bb][vc_empty_space height=\u00a0\u00bb0px\u00a0\u00bb mobile_height=\u00a0\u00bb45px\u00a0\u00bb][vc_column_text css_animation=\u00a0\u00bbbottom-to-top\u00a0\u00bb el_class=\u00a0\u00bbuppercase\u00a0\u00bb]<span style=\"color: #313030;\"><strong>De la mise en relation \u00e0 la mise en sc\u00e8ne\u2026 <\/strong><\/span>[\/vc_column_text][vc_empty_space height=\u00a0\u00bb74px\u00a0\u00bb mobile_height=\u00a0\u00bb15px\u00a0\u00bb][vc_column_text css_animation=\u00a0\u00bbbottom-to-top\u00a0\u00bb]Une belle histoire \u00e0 raconter ? Des valeurs \u00e0 exprimer ? Nos \u00e9quipes <strong><em>content<\/em><\/strong> sont l\u00e0 pour mettre en place des actions qui visent \u00e0 asseoir votre notori\u00e9t\u00e9 par la r\u00e9daction et la diffusion de contenus dans les m\u00e9dias. La force de l\u2019agence r\u00e9side avant tout dans <strong>le relationnel<\/strong> : l\u2019objectif est de <strong>cr\u00e9er des connexions<\/strong>, <strong>tisser des liens<\/strong>, organiser des rencontres pour <strong>exprimer votre vision<\/strong> et<strong> renforcer votre positionnement<\/strong> et votre discours pour, in extenso, <strong>accro\u00eetre votre notori\u00e9t\u00e9<\/strong> en ligne et hors ligne.[\/vc_column_text][\/vc_column][vc_column css=\u00a0\u00bb.vc_custom_1633186220156{padding-top: 0px !important;}\u00a0\u00bb][vc_empty_space height=\u00a0\u00bb5.2vw\u00a0\u00bb mobile_height=\u00a0\u00bb20px\u00a0\u00bb][\/vc_column][\/vc_row][vc_row full_width=\u00a0\u00bbstretch_row\u00a0\u00bb el_id=\u00a0\u00bbsection-3&Prime; css=\u00a0\u00bb.vc_custom_1633618342276{background-color: #6fb1bc !important;}\u00a0\u00bb][vc_column css=\u00a0\u00bb.vc_custom_1633187251376{padding-top: 0px !important;}\u00a0\u00bb][vc_empty_space height=\u00a0\u00bb7.76vw\u00a0\u00bb mobile_height=\u00a0\u00bb36px\u00a0\u00bb][vc_separator color=\u00a0\u00bbwhite\u00a0\u00bb align=\u00a0\u00bbalign_left\u00a0\u00bb el_width=\u00a0\u00bb50&Prime; el_class=\u00a0\u00bbsparator-1&Prime;][vc_column_text css_animation=\u00a0\u00bbbottom-to-top\u00a0\u00bb el_class=\u00a0\u00bbsection-txt-1&Prime; css=\u00a0\u00bb.vc_custom_1633968319247{margin-top: 35px !important;margin-bottom: 35px !important;}\u00a0\u00bb]<\/p>\n<h2><span style=\"color: #ffffff;\">Nos domaines d\u2019intervention<\/span><\/h2>\n<p>[\/vc_column_text][vc_separator color=\u00a0\u00bbwhite\u00a0\u00bb el_class=\u00a0\u00bbseparator-2&Prime;][vc_empty_space height=\u00a0\u00bb2.6vw\u00a0\u00bb mobile_height=\u00a0\u00bb20px\u00a0\u00bb][vc_row_inner el_class=\u00a0\u00bbinner-col\u00a0\u00bb][vc_column_inner css=\u00a0\u00bb.vc_custom_1633694582711{padding-top: 0px !important;}\u00a0\u00bb offset=\u00a0\u00bbvc_col-lg-6 vc_col-md-6&Prime;][vc_column_text css_animation=\u00a0\u00bbbottom-to-top\u00a0\u00bb css=\u00a0\u00bb.vc_custom_1707833005325{margin-top: 25px !important;}\u00a0\u00bb]<span style=\"color: #ffffff;\"><strong>AUDIT &amp; CONSEIL :<\/strong><\/span><\/p>\n<ul>\n<li>Analyse et diagnostic des besoins<\/li>\n<li>Positionnement et territoire de marque<\/li>\n<li>Concepts de communication corporate &amp; produit<\/li>\n<li>Strorytelling et discours de marque<\/li>\n<li>Strat\u00e9gie et plan de communication<\/li>\n<\/ul>\n<p>[\/vc_column_text][\/vc_column_inner][vc_column_inner css=\u00a0\u00bb.vc_custom_1633694592832{padding-top: 0px !important;}\u00a0\u00bb offset=\u00a0\u00bbvc_col-lg-6 vc_col-md-6&Prime;][vc_column_text css_animation=\u00a0\u00bbbottom-to-top\u00a0\u00bb css=\u00a0\u00bb.vc_custom_1707991720642{margin-top: 25px !important;}\u00a0\u00bb]<span style=\"color: #ffffff;\"><strong>RELATIONS M\u00c9DIA :<\/strong><\/span><\/p>\n<ul>\n<li>Strat\u00e9gie d&rsquo;Influence &amp; M\u00e9dia<\/li>\n<li>R\u00e9daction et cr\u00e9ation des outils presse<\/li>\n<li>M\u00e9diatraining<\/li>\n<li>Suivi de relations avec les journalistes<\/li>\n<li>Fichiers m\u00e9dias sur-mesure<\/li>\n<li>Conf\u00e9rence, voyage et visite de presse<\/li>\n<\/ul>\n<p>[\/vc_column_text][\/vc_column_inner][\/vc_row_inner][vc_row_inner el_class=\u00a0\u00bbinner-col\u00a0\u00bb][vc_column_inner css=\u00a0\u00bb.vc_custom_1633694582711{padding-top: 0px !important;}\u00a0\u00bb offset=\u00a0\u00bbvc_col-lg-6 vc_col-md-6&Prime;][vc_column_text css_animation=\u00a0\u00bbbottom-to-top\u00a0\u00bb css=\u00a0\u00bb.vc_custom_1707991706059{margin-top: 25px !important;}\u00a0\u00bb]<span style=\"color: #ffffff;\"><strong>\u00c9V\u00c9NEMENTIEL :<\/strong><\/span><\/p>\n<ul>\n<li>Conception des messages et mise en sc\u00e8ne<\/li>\n<li>Sc\u00e9nographie<\/li>\n<li>Lancement produit<\/li>\n<li>Annonce corporate<\/li>\n<\/ul>\n<p>[\/vc_column_text][\/vc_column_inner][vc_column_inner css=\u00a0\u00bb.vc_custom_1633694592832{padding-top: 0px !important;}\u00a0\u00bb offset=\u00a0\u00bbvc_col-lg-6 vc_col-md-6&Prime;][vc_column_text css_animation=\u00a0\u00bbbottom-to-top\u00a0\u00bb css=\u00a0\u00bb.vc_custom_1707991726949{margin-top: 25px !important;}\u00a0\u00bb]<span style=\"color: #ffffff;\"><strong>SOCIAL MEDIA :<\/strong><\/span><\/p>\n<ul>\n<li>Strat\u00e9gie de contenus<\/li>\n<li>Cr\u00e9ation de contenus<\/li>\n<li>Community management<\/li>\n<li>Campagnes social media<\/li>\n<li>Engagement<\/li>\n<\/ul>\n<p>[\/vc_column_text][\/vc_column_inner][\/vc_row_inner][\/vc_column][vc_column css=\u00a0\u00bb.vc_custom_1633187600757{padding-top: 0px !important;}\u00a0\u00bb][vc_empty_space height=\u00a0\u00bb36px\u00a0\u00bb][\/vc_column][\/vc_row][vc_row el_id=\u00a0\u00bbsection-4&Prime;][vc_column css=\u00a0\u00bb.vc_custom_1633619701696{padding-top: 0px !important;}\u00a0\u00bb][vc_empty_space height=\u00a0\u00bb7.81vw\u00a0\u00bb mobile_height=\u00a0\u00bb35px\u00a0\u00bb el_class=\u00a0\u00bbes-1&Prime;][vc_separator color=\u00a0\u00bbblack\u00a0\u00bb align=\u00a0\u00bbalign_left\u00a0\u00bb el_class=\u00a0\u00bbseparator-1&Prime;][vc_column_text css_animation=\u00a0\u00bbbottom-to-top\u00a0\u00bb el_class=\u00a0\u00bbsection-txt-1&Prime; css=\u00a0\u00bb.vc_custom_1707496058363{margin-top: 35px !important;margin-bottom: 35px !important;}\u00a0\u00bb]<\/p>\n<h2 style=\"text-align: right;\"><span style=\"color: #0c7589;\">Pourquoi Premi\u00e8re ?<\/span><\/h2>\n<p>[\/vc_column_text][vc_separator color=\u00a0\u00bbblack\u00a0\u00bb el_class=\u00a0\u00bbseparator-2&Prime;][vc_empty_space height=\u00a0\u00bb4.06vw\u00a0\u00bb mobile_height=\u00a0\u00bb50px\u00a0\u00bb el_class=\u00a0\u00bbes-2&Prime;][vc_row_inner equal_height=\u00a0\u00bbyes\u00a0\u00bb el_class=\u00a0\u00bbinner-row rem-fs\u00a0\u00bb][vc_column_inner width=\u00a0\u00bb1\/2&Prime; offset=\u00a0\u00bbvc_col-lg-3 vc_col-md-3&Prime;][vc_custom_heading text=\u00a0\u00bbUne connaissance solide du march\u00e9\u00a0\u00bb font_container=\u00a0\u00bbtag:h2|font_size:2.667rem|text_align:left|color:%23313030&Prime; use_theme_fonts=\u00a0\u00bbyes\u00a0\u00bb css_animation=\u00a0\u00bbbottom-to-top\u00a0\u00bb mobile_fontsize=\u00a0\u00bb1.5rem\u00a0\u00bb][vc_column_text css_animation=\u00a0\u00bbbottom-to-top\u00a0\u00bb el_class=\u00a0\u00bbuppercase\u00a0\u00bb]<span style=\"color: #313030;\"><strong>R\u00e8gles, acteurs, m\u00e9tiers, champ lexical et tendances<\/strong><\/span>[\/vc_column_text][\/vc_column_inner][vc_column_inner width=\u00a0\u00bb1\/2&Prime; offset=\u00a0\u00bbvc_col-lg-3 vc_col-md-3&Prime;][vc_custom_heading text=\u00a0\u00bbUne d\u00e9marche sur-mesure &amp; RSE\u00a0\u00bb font_container=\u00a0\u00bbtag:h2|font_size:2.667rem|text_align:left|color:%23313030&Prime; use_theme_fonts=\u00a0\u00bbyes\u00a0\u00bb css_animation=\u00a0\u00bbbottom-to-top\u00a0\u00bb mobile_fontsize=\u00a0\u00bb1.5rem\u00a0\u00bb][vc_column_text css_animation=\u00a0\u00bbbottom-to-top\u00a0\u00bb el_class=\u00a0\u00bbuppercase\u00a0\u00bb]<\/p>\n<div class=\"page\" title=\"Page 5\">\n<div class=\"layoutArea\">\n<div class=\"column\">\n<p><strong>Pe\u0301dagogie, cre\u0301ativite\u0301, sobrie\u0301te\u0301, responsabilite\u0301,<\/strong><br \/>\n<strong>respect de nos engagements<\/strong><\/p>\n<\/div>\n<\/div>\n<\/div>\n<p>[\/vc_column_text][\/vc_column_inner][vc_column_inner width=\u00a0\u00bb1\/2&Prime; offset=\u00a0\u00bbvc_col-lg-3 vc_col-md-3&Prime;][vc_custom_heading text=\u00a0\u00bbNotre r\u00e9seau, une source d\u2019opportunit\u00e9s\u00a0\u00bb font_container=\u00a0\u00bbtag:h2|font_size:2.667rem|text_align:left|color:%23313030&Prime; use_theme_fonts=\u00a0\u00bbyes\u00a0\u00bb css_animation=\u00a0\u00bbbottom-to-top\u00a0\u00bb mobile_fontsize=\u00a0\u00bb1.5rem\u00a0\u00bb][vc_column_text css_animation=\u00a0\u00bbbottom-to-top\u00a0\u00bb el_class=\u00a0\u00bbuppercase\u00a0\u00bb]<span style=\"color: #313030;\"><strong>Connexions, partages, prises de parole, participations \u00e0 des \u00e9v\u00e8nements cl\u00e9s<\/strong><\/span>[\/vc_column_text][\/vc_column_inner][vc_column_inner width=\u00a0\u00bb1\/2&Prime; offset=\u00a0\u00bbvc_col-lg-3 vc_col-md-3&Prime;][vc_custom_heading text=\u00a0\u00bbDes relations de confiance sur le long terme\u00a0\u00bb font_container=\u00a0\u00bbtag:h2|font_size:2.667rem|text_align:left|color:%23313030&Prime; use_theme_fonts=\u00a0\u00bbyes\u00a0\u00bb css_animation=\u00a0\u00bbbottom-to-top\u00a0\u00bb mobile_fontsize=\u00a0\u00bb1.5rem\u00a0\u00bb][vc_column_text css_animation=\u00a0\u00bbbottom-to-top\u00a0\u00bb el_class=\u00a0\u00bbuppercase\u00a0\u00bb]<span style=\"color: #313030;\"><strong>Valorisation de nos clients et de leurs biens, parfaite compr\u00e9hension de leurs besoins et enjeux<\/strong><\/span>[\/vc_column_text][\/vc_column_inner][\/vc_row_inner][\/vc_column][\/vc_row]<\/p>\n<\/div>","protected":false},"excerpt":{"rendered":"<p>[vc_row full_width=\u00a0\u00bbstretch_row\u00a0\u00bb el_id=\u00a0\u00bbsection-1&Prime;][vc_column css=\u00a0\u00bb.vc_custom_1633183897407{padding-top: 0px !important;}\u00a0\u00bb][vc_separator color=\u00a0\u00bbblack\u00a0\u00bb align=\u00a0\u00bbalign_left\u00a0\u00bb el_width=\u00a0\u00bb50&Prime; css_animation=\u00a0\u00bbleft-to-right\u00a0\u00bb el_class=\u00a0\u00bbsparator-1&Prime;][vc_column_text css_animation=\u00a0\u00bbbottom-to-top\u00a0\u00bb el_class=\u00a0\u00bbsection-txt-1&Prime; css=\u00a0\u00bb.vc_custom_1633968248776{margin-top: 35px !important;margin-bottom: 35px !important;}\u00a0\u00bb] Nos Expertises [\/vc_column_text][vc_separator color=\u00a0\u00bbblack\u00a0\u00bb align=\u00a0\u00bbalign_left\u00a0\u00bb css_animation=\u00a0\u00bbbottom-to-top\u00a0\u00bb el_class=\u00a0\u00bbsparator-2&Prime; css=\u00a0\u00bb.vc_custom_1633968535800{margin-top: 25px !important;margin-bottom: 25px !important;}\u00a0\u00bb][vc_column_text css_animation=\u00a0\u00bbbottom-to-top\u00a0\u00bb el_class=\u00a0\u00bbsection-txt-1&Prime; css=\u00a0\u00bb.vc_custom_1633968241073{margin-top: 35px !important;margin-bottom: 35px !important;}\u00a0\u00bb] L\u2019Agence Premi\u00e8re vous conseille et vous accompagne [\/vc_column_text][vc_column_text css_animation=\u00a0\u00bbbottom-to-top\u00a0\u00bb el_class=\u00a0\u00bbsection-txt-2&Prime;] dans la d\u00e9finition de vos besoins en communication [&hellip;]<\/p>\n","protected":false},"author":2,"featured_media":0,"parent":0,"menu_order":0,"comment_status":"closed","ping_status":"closed","template":"","meta":{"_acf_changed":false,"inline_featured_image":false,"footnotes":""},"class_list":["post-18","page","type-page","status-publish","hentry","post"],"acf":[],"yoast_head":"<!-- This site is optimized with the Yoast SEO plugin v26.6 - https:\/\/yoast.com\/wordpress\/plugins\/seo\/ -->\n<title>M\u00e9tiers - Agence Premi\u00e8re<\/title>\n<meta name=\"robots\" content=\"index, follow, max-snippet:-1, max-image-preview:large, max-video-preview:-1\" \/>\n<link rel=\"canonical\" href=\"https:\/\/www.agencepremiere.com\/fr\/metiers\/\" \/>\n<meta property=\"og:locale\" content=\"fr_FR\" \/>\n<meta property=\"og:type\" content=\"article\" \/>\n<meta property=\"og:title\" content=\"M\u00e9tiers - Agence Premi\u00e8re\" \/>\n<meta property=\"og:description\" content=\"[vc_row full_width=\u00a0\u00bbstretch_row\u00a0\u00bb el_id=\u00a0\u00bbsection-1&Prime;][vc_column css=\u00a0\u00bb.vc_custom_1633183897407{padding-top: 0px !important;}\u00a0\u00bb][vc_separator color=\u00a0\u00bbblack\u00a0\u00bb align=\u00a0\u00bbalign_left\u00a0\u00bb el_width=\u00a0\u00bb50&Prime; css_animation=\u00a0\u00bbleft-to-right\u00a0\u00bb el_class=\u00a0\u00bbsparator-1&Prime;][vc_column_text css_animation=\u00a0\u00bbbottom-to-top\u00a0\u00bb el_class=\u00a0\u00bbsection-txt-1&Prime; css=\u00a0\u00bb.vc_custom_1633968248776{margin-top: 35px !important;margin-bottom: 35px !important;}\u00a0\u00bb] Nos Expertises [\/vc_column_text][vc_separator color=\u00a0\u00bbblack\u00a0\u00bb align=\u00a0\u00bbalign_left\u00a0\u00bb css_animation=\u00a0\u00bbbottom-to-top\u00a0\u00bb el_class=\u00a0\u00bbsparator-2&Prime; css=\u00a0\u00bb.vc_custom_1633968535800{margin-top: 25px !important;margin-bottom: 25px !important;}\u00a0\u00bb][vc_column_text css_animation=\u00a0\u00bbbottom-to-top\u00a0\u00bb el_class=\u00a0\u00bbsection-txt-1&Prime; css=\u00a0\u00bb.vc_custom_1633968241073{margin-top: 35px !important;margin-bottom: 35px !important;}\u00a0\u00bb] L\u2019Agence Premi\u00e8re vous conseille et vous accompagne [\/vc_column_text][vc_column_text css_animation=\u00a0\u00bbbottom-to-top\u00a0\u00bb el_class=\u00a0\u00bbsection-txt-2&Prime;] dans la d\u00e9finition de vos besoins en communication [&hellip;]\" \/>\n<meta property=\"og:url\" content=\"https:\/\/www.agencepremiere.com\/fr\/metiers\/\" \/>\n<meta property=\"og:site_name\" content=\"Agence Premi\u00e8re\" \/>\n<meta property=\"article:modified_time\" content=\"2024-12-10T11:28:09+00:00\" \/>\n<meta name=\"twitter:card\" content=\"summary_large_image\" \/>\n<meta name=\"twitter:label1\" content=\"Dur\u00e9e de lecture estim\u00e9e\" \/>\n\t<meta name=\"twitter:data1\" content=\"6 minutes\" \/>\n<script type=\"application\/ld+json\" class=\"yoast-schema-graph\">{\"@context\":\"https:\/\/schema.org\",\"@graph\":[{\"@type\":\"WebPage\",\"@id\":\"https:\/\/www.agencepremiere.com\/fr\/metiers\/\",\"url\":\"https:\/\/www.agencepremiere.com\/fr\/metiers\/\",\"name\":\"M\u00e9tiers - Agence Premi\u00e8re\",\"isPartOf\":{\"@id\":\"https:\/\/www.agencepremiere.com\/fr\/#website\"},\"datePublished\":\"2021-09-30T15:54:32+00:00\",\"dateModified\":\"2024-12-10T11:28:09+00:00\",\"breadcrumb\":{\"@id\":\"https:\/\/www.agencepremiere.com\/fr\/metiers\/#breadcrumb\"},\"inLanguage\":\"fr-FR\",\"potentialAction\":[{\"@type\":\"ReadAction\",\"target\":[\"https:\/\/www.agencepremiere.com\/fr\/metiers\/\"]}]},{\"@type\":\"BreadcrumbList\",\"@id\":\"https:\/\/www.agencepremiere.com\/fr\/metiers\/#breadcrumb\",\"itemListElement\":[{\"@type\":\"ListItem\",\"position\":1,\"name\":\"Home\",\"item\":\"https:\/\/www.agencepremiere.com\/fr\/\"},{\"@type\":\"ListItem\",\"position\":2,\"name\":\"M\u00e9tiers\"}]},{\"@type\":\"WebSite\",\"@id\":\"https:\/\/www.agencepremiere.com\/fr\/#website\",\"url\":\"https:\/\/www.agencepremiere.com\/fr\/\",\"name\":\"Agence Premi\u00e8re\",\"description\":\"La communication immobili\u00e8re, une affaire de sp\u00e9cialistes\",\"potentialAction\":[{\"@type\":\"SearchAction\",\"target\":{\"@type\":\"EntryPoint\",\"urlTemplate\":\"https:\/\/www.agencepremiere.com\/fr\/?s={search_term_string}\"},\"query-input\":{\"@type\":\"PropertyValueSpecification\",\"valueRequired\":true,\"valueName\":\"search_term_string\"}}],\"inLanguage\":\"fr-FR\"}]}<\/script>\n<!-- \/ Yoast SEO plugin. -->","yoast_head_json":{"title":"M\u00e9tiers - Agence Premi\u00e8re","robots":{"index":"index","follow":"follow","max-snippet":"max-snippet:-1","max-image-preview":"max-image-preview:large","max-video-preview":"max-video-preview:-1"},"canonical":"https:\/\/www.agencepremiere.com\/fr\/metiers\/","og_locale":"fr_FR","og_type":"article","og_title":"M\u00e9tiers - Agence Premi\u00e8re","og_description":"[vc_row full_width=\u00a0\u00bbstretch_row\u00a0\u00bb el_id=\u00a0\u00bbsection-1&Prime;][vc_column css=\u00a0\u00bb.vc_custom_1633183897407{padding-top: 0px !important;}\u00a0\u00bb][vc_separator color=\u00a0\u00bbblack\u00a0\u00bb align=\u00a0\u00bbalign_left\u00a0\u00bb el_width=\u00a0\u00bb50&Prime; css_animation=\u00a0\u00bbleft-to-right\u00a0\u00bb el_class=\u00a0\u00bbsparator-1&Prime;][vc_column_text css_animation=\u00a0\u00bbbottom-to-top\u00a0\u00bb el_class=\u00a0\u00bbsection-txt-1&Prime; css=\u00a0\u00bb.vc_custom_1633968248776{margin-top: 35px !important;margin-bottom: 35px !important;}\u00a0\u00bb] Nos Expertises [\/vc_column_text][vc_separator color=\u00a0\u00bbblack\u00a0\u00bb align=\u00a0\u00bbalign_left\u00a0\u00bb css_animation=\u00a0\u00bbbottom-to-top\u00a0\u00bb el_class=\u00a0\u00bbsparator-2&Prime; css=\u00a0\u00bb.vc_custom_1633968535800{margin-top: 25px !important;margin-bottom: 25px !important;}\u00a0\u00bb][vc_column_text css_animation=\u00a0\u00bbbottom-to-top\u00a0\u00bb el_class=\u00a0\u00bbsection-txt-1&Prime; css=\u00a0\u00bb.vc_custom_1633968241073{margin-top: 35px !important;margin-bottom: 35px !important;}\u00a0\u00bb] L\u2019Agence Premi\u00e8re vous conseille et vous accompagne [\/vc_column_text][vc_column_text css_animation=\u00a0\u00bbbottom-to-top\u00a0\u00bb el_class=\u00a0\u00bbsection-txt-2&Prime;] dans la d\u00e9finition de vos besoins en communication [&hellip;]","og_url":"https:\/\/www.agencepremiere.com\/fr\/metiers\/","og_site_name":"Agence Premi\u00e8re","article_modified_time":"2024-12-10T11:28:09+00:00","twitter_card":"summary_large_image","twitter_misc":{"Dur\u00e9e de lecture estim\u00e9e":"6 minutes"},"schema":{"@context":"https:\/\/schema.org","@graph":[{"@type":"WebPage","@id":"https:\/\/www.agencepremiere.com\/fr\/metiers\/","url":"https:\/\/www.agencepremiere.com\/fr\/metiers\/","name":"M\u00e9tiers - Agence Premi\u00e8re","isPartOf":{"@id":"https:\/\/www.agencepremiere.com\/fr\/#website"},"datePublished":"2021-09-30T15:54:32+00:00","dateModified":"2024-12-10T11:28:09+00:00","breadcrumb":{"@id":"https:\/\/www.agencepremiere.com\/fr\/metiers\/#breadcrumb"},"inLanguage":"fr-FR","potentialAction":[{"@type":"ReadAction","target":["https:\/\/www.agencepremiere.com\/fr\/metiers\/"]}]},{"@type":"BreadcrumbList","@id":"https:\/\/www.agencepremiere.com\/fr\/metiers\/#breadcrumb","itemListElement":[{"@type":"ListItem","position":1,"name":"Home","item":"https:\/\/www.agencepremiere.com\/fr\/"},{"@type":"ListItem","position":2,"name":"M\u00e9tiers"}]},{"@type":"WebSite","@id":"https:\/\/www.agencepremiere.com\/fr\/#website","url":"https:\/\/www.agencepremiere.com\/fr\/","name":"Agence Premi\u00e8re","description":"La communication immobili\u00e8re, une affaire de sp\u00e9cialistes","potentialAction":[{"@type":"SearchAction","target":{"@type":"EntryPoint","urlTemplate":"https:\/\/www.agencepremiere.com\/fr\/?s={search_term_string}"},"query-input":{"@type":"PropertyValueSpecification","valueRequired":true,"valueName":"search_term_string"}}],"inLanguage":"fr-FR"}]}},"_links":{"self":[{"href":"https:\/\/www.agencepremiere.com\/fr\/wp-json\/wp\/v2\/pages\/18","targetHints":{"allow":["GET"]}}],"collection":[{"href":"https:\/\/www.agencepremiere.com\/fr\/wp-json\/wp\/v2\/pages"}],"about":[{"href":"https:\/\/www.agencepremiere.com\/fr\/wp-json\/wp\/v2\/types\/page"}],"author":[{"embeddable":true,"href":"https:\/\/www.agencepremiere.com\/fr\/wp-json\/wp\/v2\/users\/2"}],"replies":[{"embeddable":true,"href":"https:\/\/www.agencepremiere.com\/fr\/wp-json\/wp\/v2\/comments?post=18"}],"version-history":[{"count":50,"href":"https:\/\/www.agencepremiere.com\/fr\/wp-json\/wp\/v2\/pages\/18\/revisions"}],"predecessor-version":[{"id":1199,"href":"https:\/\/www.agencepremiere.com\/fr\/wp-json\/wp\/v2\/pages\/18\/revisions\/1199"}],"wp:attachment":[{"href":"https:\/\/www.agencepremiere.com\/fr\/wp-json\/wp\/v2\/media?parent=18"}],"curies":[{"name":"wp","href":"https:\/\/api.w.org\/{rel}","templated":true}]}}